{"id":2323,"date":"2019-08-09T14:03:45","date_gmt":"2019-08-09T14:03:45","guid":{"rendered":"http:\/\/www.kinderarztpraxis-central.ch\/?page_id=2323"},"modified":"2026-02-04T13:41:06","modified_gmt":"2026-02-04T13:41:06","slug":"news","status":"publish","type":"page","link":"https:\/\/www.kinderarztpraxis-central.ch\/?page_id=2323","title":{"rendered":"News"},"content":{"rendered":"\t\t<div data-elementor-type=\"wp-post\" data-elementor-id=\"2323\" class=\"elementor elementor-2323\">\n\t\t\t\t\t\t<section class=\"elementor-section elementor-top-section elementor-element elementor-element-519e2575 elementor-section-height-min-height elementor-section-boxed elementor-section-height-default elementor-section-items-middle\" data-id=\"519e2575\" data-element_type=\"section\" data-settings=\"{&quot;background_background&quot;:&quot;classic&quot;}\">\n\t\t\t\t\t\t\t<div class=\"elementor-background-overlay\"><\/div>\n\t\t\t\t\t\t\t<div class=\"elementor-container elementor-column-gap-default\">\n\t\t\t\t\t<div class=\"elementor-column elementor-col-100 elementor-top-column elementor-element elementor-element-15c380c7\" data-id=\"15c380c7\" data-element_type=\"column\">\n\t\t\t<div class=\"elementor-widget-wrap elementor-element-populated\">\n\t\t\t\t\t\t<div class=\"elementor-element elementor-element-944721e elementor-widget elementor-widget-heading\" data-id=\"944721e\" data-element_type=\"widget\" data-widget_type=\"heading.default\">\n\t\t\t\t<div class=\"elementor-widget-container\">\n\t\t\t<h2 class=\"elementor-heading-title elementor-size-large\">NEWS \/ Informationen<\/h2>\t\t<\/div>\n\t\t\t\t<\/div>\n\t\t\t\t<div class=\"elementor-element elementor-element-0565952 elementor-widget elementor-widget-text-editor\" data-id=\"0565952\" data-element_type=\"widget\" data-widget_type=\"text-editor.default\">\n\t\t\t\t<div class=\"elementor-widget-container\">\n\t\t\t\t\t\t\t<p>Finden Sie hier alle Neuigkeiten zur Kinderarztpraxis-Central<\/p>\t\t\t\t\t\t<\/div>\n\t\t\t\t<\/div>\n\t\t\t\t\t<\/div>\n\t\t<\/div>\n\t\t\t\t\t<\/div>\n\t\t<\/section>\n\t\t\t\t<section class=\"elementor-section elementor-top-section elementor-element elementor-element-7ad0e2a elementor-section-boxed elementor-section-height-default elementor-section-height-default\" data-id=\"7ad0e2a\" data-element_type=\"section\">\n\t\t\t\t\t\t<div class=\"elementor-container elementor-column-gap-default\">\n\t\t\t\t\t<div class=\"elementor-column elementor-col-100 elementor-top-column elementor-element elementor-element-62e8a3f\" data-id=\"62e8a3f\" data-element_type=\"column\">\n\t\t\t<div class=\"elementor-widget-wrap elementor-element-populated\">\n\t\t\t\t\t\t<div class=\"elementor-element elementor-element-67698f2 elementor-widget elementor-widget-spacer\" data-id=\"67698f2\" data-element_type=\"widget\" data-widget_type=\"spacer.default\">\n\t\t\t\t<div class=\"elementor-widget-container\">\n\t\t\t\t\t<div class=\"elementor-spacer\">\n\t\t\t<div class=\"elementor-spacer-inner\"><\/div>\n\t\t<\/div>\n\t\t\t\t<\/div>\n\t\t\t\t<\/div>\n\t\t\t\t\t<\/div>\n\t\t<\/div>\n\t\t\t\t\t<\/div>\n\t\t<\/section>\n\t\t\t\t<section class=\"elementor-section elementor-top-section elementor-element elementor-element-0589e7b elementor-section-boxed elementor-section-height-default elementor-section-height-default\" data-id=\"0589e7b\" data-element_type=\"section\">\n\t\t\t\t\t\t<div class=\"elementor-container elementor-column-gap-default\">\n\t\t\t\t\t<div class=\"elementor-column elementor-col-100 elementor-top-column elementor-element elementor-element-9ddc312\" data-id=\"9ddc312\" data-element_type=\"column\">\n\t\t\t<div class=\"elementor-widget-wrap elementor-element-populated\">\n\t\t\t\t\t\t<div class=\"elementor-element elementor-element-b38a889 elementor-widget__width-initial elementor-widget elementor-widget-heading\" data-id=\"b38a889\" data-element_type=\"widget\" data-widget_type=\"heading.default\">\n\t\t\t\t<div class=\"elementor-widget-container\">\n\t\t\t<h2 class=\"elementor-heading-title elementor-size-default\">Aufgrund von Personalmangel ist es uns leider aktuell nicht m\u00f6glich das Telefon durchgehend zu bedienen, bitte senden Sie uns ein Email wir melden uns so schnell wie m\u00f6glich bei Ihnen melden.<br><br>Die RSV-Impfung ist ebenfalls verf\u00fcgbar, empfohlen und kassenpflichtig f\u00fcr alle S\u00e4uglinge (Geburt ab 1.4.25) <br><\/h2>\t\t<\/div>\n\t\t\t\t<\/div>\n\t\t\t\t\t<\/div>\n\t\t<\/div>\n\t\t\t\t\t<\/div>\n\t\t<\/section>\n\t\t\t\t<section class=\"elementor-section elementor-top-section elementor-element elementor-element-b2f45ca elementor-section-boxed elementor-section-height-default elementor-section-height-default\" data-id=\"b2f45ca\" data-element_type=\"section\">\n\t\t\t\t\t\t<div class=\"elementor-container elementor-column-gap-default\">\n\t\t\t\t\t<div class=\"elementor-column elementor-col-100 elementor-top-column elementor-element elementor-element-305c142\" data-id=\"305c142\" data-element_type=\"column\">\n\t\t\t<div class=\"elementor-widget-wrap elementor-element-populated\">\n\t\t\t\t\t\t<section class=\"elementor-section elementor-inner-section elementor-element elementor-element-9e3d104 elementor-section-boxed elementor-section-height-default elementor-section-height-default\" data-id=\"9e3d104\" data-element_type=\"section\">\n\t\t\t\t\t\t<div class=\"elementor-container elementor-column-gap-default\">\n\t\t\t\t\t<div class=\"elementor-column elementor-col-50 elementor-inner-column elementor-element elementor-element-7ded5e4\" data-id=\"7ded5e4\" data-element_type=\"column\">\n\t\t\t<div class=\"elementor-widget-wrap\">\n\t\t\t\t\t\t\t<\/div>\n\t\t<\/div>\n\t\t\t\t<div class=\"elementor-column elementor-col-50 elementor-inner-column elementor-element elementor-element-17f6505\" data-id=\"17f6505\" data-element_type=\"column\">\n\t\t\t<div class=\"elementor-widget-wrap\">\n\t\t\t\t\t\t\t<\/div>\n\t\t<\/div>\n\t\t\t\t\t<\/div>\n\t\t<\/section>\n\t\t\t\t\t<\/div>\n\t\t<\/div>\n\t\t\t\t\t<\/div>\n\t\t<\/section>\n\t\t\t\t<\/div>\n\t\t","protected":false},"excerpt":{"rendered":"<p>NEWS \/ Informationen Finden Sie hier alle Neuigkeiten zur Kinderarztpraxis-Central Aufgrund von Personalmangel ist es uns leider aktuell nicht m\u00f6glich das Telefon durchgehend zu bedienen, bitte senden Sie uns ein Email wir melden uns so schnell wie m\u00f6glich bei Ihnen melden. Die RSV-Impfung ist ebenfalls verf\u00fcgbar, empfohlen und kassenpflichtig f\u00fcr alle S\u00e4uglinge (Geburt ab 1.4.25)<\/p>\n","protected":false},"author":1,"featured_media":0,"parent":0,"menu_order":0,"comment_status":"closed","ping_status":"closed","template":"","meta":[],"yoast_head":"<!-- This site is optimized with the Yoast SEO plugin v20.6 - https:\/\/yoast.com\/wordpress\/plugins\/seo\/ -->\n<title>News - Kinderarztpraxis Central<\/title>\n<meta name=\"robots\" content=\"index, follow, max-snippet:-1, max-image-preview:large, max-video-preview:-1\" \/>\n<link rel=\"canonical\" href=\"https:\/\/www.kinderarztpraxis-central.ch\/?page_id=2323\" \/>\n<meta property=\"og:locale\" content=\"de_DE\" \/>\n<meta property=\"og:type\" content=\"article\" \/>\n<meta property=\"og:title\" content=\"News - Kinderarztpraxis Central\" \/>\n<meta property=\"og:description\" content=\"NEWS \/ Informationen Finden Sie hier alle Neuigkeiten zur Kinderarztpraxis-Central Aufgrund von Personalmangel ist es uns leider aktuell nicht m\u00f6glich das Telefon durchgehend zu bedienen, bitte senden Sie uns ein Email wir melden uns so schnell wie m\u00f6glich bei Ihnen melden. Die RSV-Impfung ist ebenfalls verf\u00fcgbar, empfohlen und kassenpflichtig f\u00fcr alle S\u00e4uglinge (Geburt ab 1.4.25)\" \/>\n<meta property=\"og:url\" content=\"https:\/\/www.kinderarztpraxis-central.ch\/?page_id=2323\" \/>\n<meta property=\"og:site_name\" content=\"Kinderarztpraxis Central\" \/>\n<meta property=\"article:modified_time\" content=\"2026-02-04T13:41:06+00:00\" \/>\n<meta name=\"twitter:card\" content=\"summary_large_image\" \/>\n<meta name=\"twitter:label1\" content=\"Gesch\u00e4tzte Lesezeit\" \/>\n\t<meta name=\"twitter:data1\" content=\"1\u00a0Minute\" \/>\n<script type=\"application\/ld+json\" class=\"yoast-schema-graph\">{\"@context\":\"https:\/\/schema.org\",\"@graph\":[{\"@type\":\"WebPage\",\"@id\":\"https:\/\/www.kinderarztpraxis-central.ch\/?page_id=2323\",\"url\":\"https:\/\/www.kinderarztpraxis-central.ch\/?page_id=2323\",\"name\":\"News - Kinderarztpraxis Central\",\"isPartOf\":{\"@id\":\"https:\/\/www.kinderarztpraxis-central.ch\/#website\"},\"datePublished\":\"2019-08-09T14:03:45+00:00\",\"dateModified\":\"2026-02-04T13:41:06+00:00\",\"breadcrumb\":{\"@id\":\"https:\/\/www.kinderarztpraxis-central.ch\/?page_id=2323#breadcrumb\"},\"inLanguage\":\"de\",\"potentialAction\":[{\"@type\":\"ReadAction\",\"target\":[\"https:\/\/www.kinderarztpraxis-central.ch\/?page_id=2323\"]}]},{\"@type\":\"BreadcrumbList\",\"@id\":\"https:\/\/www.kinderarztpraxis-central.ch\/?page_id=2323#breadcrumb\",\"itemListElement\":[{\"@type\":\"ListItem\",\"position\":1,\"name\":\"Startseite\",\"item\":\"https:\/\/www.kinderarztpraxis-central.ch\/\"},{\"@type\":\"ListItem\",\"position\":2,\"name\":\"News\"}]},{\"@type\":\"WebSite\",\"@id\":\"https:\/\/www.kinderarztpraxis-central.ch\/#website\",\"url\":\"https:\/\/www.kinderarztpraxis-central.ch\/\",\"name\":\"Kinderarztpraxis Central\",\"description\":\"Ihr Kinderarzt in Horgen\",\"publisher\":{\"@id\":\"https:\/\/www.kinderarztpraxis-central.ch\/#organization\"},\"potentialAction\":[{\"@type\":\"SearchAction\",\"target\":{\"@type\":\"EntryPoint\",\"urlTemplate\":\"https:\/\/www.kinderarztpraxis-central.ch\/?s={search_term_string}\"},\"query-input\":\"required name=search_term_string\"}],\"inLanguage\":\"de\"},{\"@type\":\"Organization\",\"@id\":\"https:\/\/www.kinderarztpraxis-central.ch\/#organization\",\"name\":\"Kinderarztpraxis Central\",\"url\":\"https:\/\/www.kinderarztpraxis-central.ch\/\",\"logo\":{\"@type\":\"ImageObject\",\"inLanguage\":\"de\",\"@id\":\"https:\/\/www.kinderarztpraxis-central.ch\/#\/schema\/logo\/image\/\",\"url\":\"https:\/\/www.kinderarztpraxis-central.ch\/wp-content\/uploads\/2019\/02\/cropped-Logo-ohne-Schrift.png\",\"contentUrl\":\"https:\/\/www.kinderarztpraxis-central.ch\/wp-content\/uploads\/2019\/02\/cropped-Logo-ohne-Schrift.png\",\"width\":305,\"height\":184,\"caption\":\"Kinderarztpraxis Central\"},\"image\":{\"@id\":\"https:\/\/www.kinderarztpraxis-central.ch\/#\/schema\/logo\/image\/\"}}]}<\/script>\n<!-- \/ Yoast SEO plugin. -->","yoast_head_json":{"title":"News - Kinderarztpraxis Central","robots":{"index":"index","follow":"follow","max-snippet":"max-snippet:-1","max-image-preview":"max-image-preview:large","max-video-preview":"max-video-preview:-1"},"canonical":"https:\/\/www.kinderarztpraxis-central.ch\/?page_id=2323","og_locale":"de_DE","og_type":"article","og_title":"News - Kinderarztpraxis Central","og_description":"NEWS \/ Informationen Finden Sie hier alle Neuigkeiten zur Kinderarztpraxis-Central Aufgrund von Personalmangel ist es uns leider aktuell nicht m\u00f6glich das Telefon durchgehend zu bedienen, bitte senden Sie uns ein Email wir melden uns so schnell wie m\u00f6glich bei Ihnen melden. Die RSV-Impfung ist ebenfalls verf\u00fcgbar, empfohlen und kassenpflichtig f\u00fcr alle S\u00e4uglinge (Geburt ab 1.4.25)","og_url":"https:\/\/www.kinderarztpraxis-central.ch\/?page_id=2323","og_site_name":"Kinderarztpraxis Central","article_modified_time":"2026-02-04T13:41:06+00:00","twitter_card":"summary_large_image","twitter_misc":{"Gesch\u00e4tzte Lesezeit":"1\u00a0Minute"},"schema":{"@context":"https:\/\/schema.org","@graph":[{"@type":"WebPage","@id":"https:\/\/www.kinderarztpraxis-central.ch\/?page_id=2323","url":"https:\/\/www.kinderarztpraxis-central.ch\/?page_id=2323","name":"News - Kinderarztpraxis Central","isPartOf":{"@id":"https:\/\/www.kinderarztpraxis-central.ch\/#website"},"datePublished":"2019-08-09T14:03:45+00:00","dateModified":"2026-02-04T13:41:06+00:00","breadcrumb":{"@id":"https:\/\/www.kinderarztpraxis-central.ch\/?page_id=2323#breadcrumb"},"inLanguage":"de","potentialAction":[{"@type":"ReadAction","target":["https:\/\/www.kinderarztpraxis-central.ch\/?page_id=2323"]}]},{"@type":"BreadcrumbList","@id":"https:\/\/www.kinderarztpraxis-central.ch\/?page_id=2323#breadcrumb","itemListElement":[{"@type":"ListItem","position":1,"name":"Startseite","item":"https:\/\/www.kinderarztpraxis-central.ch\/"},{"@type":"ListItem","position":2,"name":"News"}]},{"@type":"WebSite","@id":"https:\/\/www.kinderarztpraxis-central.ch\/#website","url":"https:\/\/www.kinderarztpraxis-central.ch\/","name":"Kinderarztpraxis Central","description":"Ihr Kinderarzt in Horgen","publisher":{"@id":"https:\/\/www.kinderarztpraxis-central.ch\/#organization"},"potentialAction":[{"@type":"SearchAction","target":{"@type":"EntryPoint","urlTemplate":"https:\/\/www.kinderarztpraxis-central.ch\/?s={search_term_string}"},"query-input":"required name=search_term_string"}],"inLanguage":"de"},{"@type":"Organization","@id":"https:\/\/www.kinderarztpraxis-central.ch\/#organization","name":"Kinderarztpraxis Central","url":"https:\/\/www.kinderarztpraxis-central.ch\/","logo":{"@type":"ImageObject","inLanguage":"de","@id":"https:\/\/www.kinderarztpraxis-central.ch\/#\/schema\/logo\/image\/","url":"https:\/\/www.kinderarztpraxis-central.ch\/wp-content\/uploads\/2019\/02\/cropped-Logo-ohne-Schrift.png","contentUrl":"https:\/\/www.kinderarztpraxis-central.ch\/wp-content\/uploads\/2019\/02\/cropped-Logo-ohne-Schrift.png","width":305,"height":184,"caption":"Kinderarztpraxis Central"},"image":{"@id":"https:\/\/www.kinderarztpraxis-central.ch\/#\/schema\/logo\/image\/"}}]}},"_links":{"self":[{"href":"https:\/\/www.kinderarztpraxis-central.ch\/index.php?rest_route=\/wp\/v2\/pages\/2323"}],"collection":[{"href":"https:\/\/www.kinderarztpraxis-central.ch\/index.php?rest_route=\/wp\/v2\/pages"}],"about":[{"href":"https:\/\/www.kinderarztpraxis-central.ch\/index.php?rest_route=\/wp\/v2\/types\/page"}],"author":[{"embeddable":true,"href":"https:\/\/www.kinderarztpraxis-central.ch\/index.php?rest_route=\/wp\/v2\/users\/1"}],"replies":[{"embeddable":true,"href":"https:\/\/www.kinderarztpraxis-central.ch\/index.php?rest_route=%2Fwp%2Fv2%2Fcomments&post=2323"}],"version-history":[{"count":181,"href":"https:\/\/www.kinderarztpraxis-central.ch\/index.php?rest_route=\/wp\/v2\/pages\/2323\/revisions"}],"predecessor-version":[{"id":2953,"href":"https:\/\/www.kinderarztpraxis-central.ch\/index.php?rest_route=\/wp\/v2\/pages\/2323\/revisions\/2953"}],"wp:attachment":[{"href":"https:\/\/www.kinderarztpraxis-central.ch\/index.php?rest_route=%2Fwp%2Fv2%2Fmedia&parent=2323"}],"curies":[{"name":"wp","href":"https:\/\/api.w.org\/{rel}","templated":true}]}}